{"id":3,"date":"2023-01-21T19:06:36","date_gmt":"2023-01-21T18:06:36","guid":{"rendered":"https:\/\/peluches-et-jouets-en-bois.fr\/?page_id=3"},"modified":"2023-01-29T10:56:25","modified_gmt":"2023-01-29T09:56:25","slug":"mentions-legales","status":"publish","type":"page","link":"https:\/\/peluches-et-jouets-en-bois.fr\/index.php\/mentions-legales\/","title":{"rendered":"Mentions L\u00e9gales"},"content":{"rendered":"\n<p>Merci de lire avec attention les diff\u00e9rentes modalit\u00e9s d\u2019utilisation du pr\u00e9sent site avant d\u2019y parcourir ses pages. En vous connectant sur ce site, vous acceptez sans r\u00e9serves les pr\u00e9sentes modalit\u00e9s. Aussi, conform\u00e9ment \u00e0 l\u2019article n\u00b06 de la Loi n\u00b02004-575 du 21 Juin 2004 pour la confiance dans l\u2019\u00e9conomie num\u00e9rique, les responsables du pr\u00e9sent site internet www.peluches-et-jouets-en-bois.fr sont :<\/p>\n\n\n\n<p><strong><u>Editeur du Site :<\/u><\/strong><br>C&amp;D<br>Responsable \u00e9ditorial : Antoine S\u00e9bille<br>2 rue de la Croix Beaugeard, 35400 \u00e0 Saint-Malo<br>Email : contact[@]peluches-et-jouets-en-bois.fr<br><\/p>\n\n\n\n<p><strong><u>H\u00e9bergement :<\/u><\/strong><br>H\u00e9bergeur : HOSTINGER INTERNATIONAL LTD<br>61 Lordou Vironos Street<br>6023 Larnaca, Chypre<br><\/p>\n\n\n\n<p><strong><u>D\u00e9veloppement :<\/u><\/strong><br>C&amp;D<br>Repr\u00e9sent\u00e9 par Antoine SEBILLE<br>Adresse : 2 rue de la Croix Beaugeard, 35400 \u00e0 Saint-Malo<br>Site Web : clickandigital.com<\/p>\n\n\n\n<h2 class=\"wp-block-heading\">Conditions d\u2019utilisation :<\/h2>\n\n\n\n<p>Ce site (www.peluches-et-jouets-en-bois.fr) est propos\u00e9 en diff\u00e9rents langages web (HTML, HTML5, Javascript, CSS, etc.) pour un meilleur confort d&#8217;utilisation et un graphisme plus agr\u00e9able, nous vous recommandons de recourir \u00e0 des navigateurs modernes comme Internet explorer, Safari, Firefox, Google Chrome, etc. Antoine S\u00e9bille met en \u0153uvre tous les moyens dont elle dispose, pour assurer une information correcte et une mise \u00e0 jour fiable de son site internet. Toutefois, des erreurs ou omissions peuvent survenir. L&#8217;internaute devra donc s&#8217;assurer de l&#8217;exactitude des informations aupr\u00e8s du responsable \u00e9ditorial, et signaler toutes modifications du site qu&#8217;il jugerait utile. La soci\u00e9t\u00e9 C&amp;D n&#8217;est en aucun cas responsable de l&#8217;utilisation faite de ces informations, et de tout pr\u00e9judice direct ou indirect pouvant en d\u00e9couler.<\/p>\n\n\n\n<h2 class=\"wp-block-heading\">Nous fabriquons des cookies<\/h2>\n\n\n\n<p>En visitant notre site Web et en utilisant nos services, vous comprenez et acceptez la fa\u00e7on dont nous traitons les donn\u00e9es personnelles conform\u00e9ment \u00e0 notre politique de confidentialit\u00e9. Nous respectons votre vie priv\u00e9e et le droit de contr\u00f4ler vos donn\u00e9es personnelles. Nos principes directeurs sont simples.<\/p>\n\n\n\n<p>Les cookies sont de petites quantit\u00e9s d\u2019informations stock\u00e9es dans des fichiers au sein m\u00eame du navigateur de votre ordinateur. Les cookies sont accessibles et enregistr\u00e9s par les sites internet que vous consultez, et par les soci\u00e9t\u00e9s qui affichent leurs annonces publicitaires sur des sites internet, pour qu\u2019ils puissent reconna\u00eetre le navigateur. Les sites Internet peuvent uniquement acc\u00e9der aux cookies qu\u2019ils ont stock\u00e9s sur votre ordinateur.<\/p>\n\n\n\n<p>En utilisant le Site Internet , vous consentez \u00e0 l\u2019utilisation des cookies d\u00e9pos\u00e9s par notre Site.<br>Le site Internet utilisent des cookies aux fins suivantes :<br><br><strong><u>Usage du site :<\/u><\/strong>&nbsp;pour nous aider \u00e0 reconna\u00eetre votre navigateur comme celui d\u2019un visiteur pr\u00e9c\u00e9dent et pour enregistrer les pr\u00e9f\u00e9rences que vous avez d\u00e9termin\u00e9es lors de votre pr\u00e9c\u00e9dente visite sur le Site. Par exemple, nous pouvons enregistrer vos informations de connexion de sorte que vous n\u2019ayez pas \u00e0 vous connecter \u00e0 chaque fois que vous visitez le Site ;<br><strong><u>R\u00e9seaux sociaux :<\/u><\/strong>&nbsp;pour v\u00e9rifier si vous \u00eates connect\u00e9s \u00e0 des services tiers (Facebook, Twitter, Google+\u2026) ;<br><strong><u>Ciblage :<\/u><\/strong>&nbsp;pour nous permettre de cibler (emailing, enrichissement de base) \u00e0 post\u00e9riori ou en temps r\u00e9el l\u2019internaute qui navigue sur notre Site ;<br><strong><u>Mesure d\u2019audience :<\/u><\/strong>&nbsp;pour suivre les donn\u00e9es statistiques de fr\u00e9quentation du Site (soit l\u2019utilisation faite du Site par les utilisateurs et pour am\u00e9liorer les services du Site) et pour nous aider \u00e0 mesurer et \u00e9tudier l\u2019efficacit\u00e9 de notre contenu interactif en ligne, de ses caract\u00e9ristiques, publicit\u00e9s et autres communications.<\/p>\n\n\n\n<h3 class=\"wp-block-heading\">Vos choix concernant les Cookies et Balises Web<\/h3>\n\n\n\n<p>Vous avez le choix de configurer votre navigateur pour accepter tous les cookies, rejeter tous les cookies, vous informer quand un cookie est \u00e9mis, sa dur\u00e9e de validit\u00e9 et son contenu, ainsi que vous permettre de refuser son enregistrement dans votre terminal, et supprimer vos cookies p\u00e9riodiquement.<br>Vous pouvez param\u00e9trer votre navigateur Internet pour d\u00e9sactiver les cookies. Notez toutefois que si vous d\u00e9sactivez les cookies, votre nom d\u2019utilisateur ainsi que votre mot de passe ne seront plus sauvegard\u00e9s sur aucun site web.<\/p>\n\n\n\n<h3 class=\"wp-block-heading\">Quels cookies utilisons-nous ?<\/h3>\n\n\n\n<p>Si votre navigateur web est configur\u00e9 pour accepter les cookies, ils seront stock\u00e9s dans le navigateur web ou le disque dur jusqu\u2019\u00e0 ce que la date d\u2019expiration soit d\u00e9pass\u00e9e ou jusqu\u2019\u00e0 ce que vous supprimez les cookies vous-m\u00eame. Vous trouverez ci-dessous les explications de notre utilisation des cookies sur nos sites Web et la raison pour laquelle nous les utilisons.<\/p>\n\n\n\n<ul>\n<li>Cookie information : ce cookie est utilis\u00e9 par la charte de confidentialit\u00e9 pour \u00e9viter \u00e0 l\u2019utilisateur de les accepter \u00e0 nouveau.<\/li>\n\n\n\n<li>Facebook Pixel : nous utilisons le pixel Facebook pour mesurer la performance de nos annonces Facebook. Pour en savoir plus, reportez-vous \u00e0 l\u2019adresse&nbsp;<a href=\"https:\/\/www.facebook.com\/about\/privacy\/\" target=\"_blank\" rel=\"noreferrer noopener\">suivante<\/a><\/li>\n\n\n\n<li>Google Analytics : nous utilisons ces cookies pour recueillir des informations sur la fa\u00e7on dont les visiteurs utilisent nos sites web, y compris les d\u00e9tails du site que le visiteur a parcouru avant d\u2019arriver sur notre site, et le nombre total de fois qu\u2019un visiteur a visit\u00e9 notre site. Nous utilisons les informations pour optimiser nos sites web et nos services, et pour am\u00e9liorer l\u2019exp\u00e9rience de nos utilisateurs. Les cookies ne vous identifient pas personnellement. Ils se contentent de collecter de fa\u00e7on anonyme des informations qui sont transmises et stock\u00e9es par Google sur des serveurs aux \u00c9tats-Unis conform\u00e9ment \u00e0 ses pratiques de confidentialit\u00e9.<br>Pour en savoir plus sur les pratiques de confidentialit\u00e9 de Google Analytics, cliquez sur :&nbsp;<a href=\"https:\/\/support.google.com\/analytics\/answer\/6004245\" target=\"_blank\" rel=\"noreferrer noopener\">Lien<\/a><\/li>\n<\/ul>\n\n\n\n<h2 class=\"wp-block-heading\">Liens hypertextes :<\/h2>\n\n\n\n<p>Le site internet de peluches-et-jouets-en-bois.fr peut diffuser des liens vers d\u2019autres sites internet ou d\u2019autres ressources disponibles sur Internet. Peluches-et-jouets-en-bois.fr ne dispose d&#8217;aucun moyen pour contr\u00f4ler les sites en connexion avec ses sites internet. Peluches-et-jouets-en-bois.fr ne r\u00e9pond pas de la disponibilit\u00e9 de tels sites et sources externes, ni ne la garantit. Elle ne peut \u00eatre tenue pour responsable de tout dommage, de quelque nature que ce soit, r\u00e9sultant du contenu de ces sites ou sources externes, et notamment des informations, produits ou services qu\u2019ils proposent, ou de tout usage qui peut \u00eatre fait de ces \u00e9l\u00e9ments. Les risques li\u00e9s \u00e0 cette utilisation incombent pleinement \u00e0 l&#8217;internaute, qui doit se conformer \u00e0 leurs conditions d&#8217;utilisation. Les utilisateurs, les abonn\u00e9s et les visiteurs des sites internet de ne peuvent mettre en place un hyperlien en direction de ce site sans l&#8217;autorisation expresse et pr\u00e9alable de Antoine S\u00e9bille. Dans l&#8217;hypoth\u00e8se o\u00f9 un utilisateur ou visiteur souhaiterait mettre en place un hyperlien en direction du site de peluches-et-jouets-en-bois.fr, il lui appartiendra d&#8217;adresser un email accessible sur le site afin de formuler sa demande de mise en place d&#8217;un hyperlien. Antoine S\u00e9bille se r\u00e9serve le droit d\u2019accepter ou de refuser un hyperlien sans avoir \u00e0 en justifier sa d\u00e9cision.<\/p>\n\n\n\n<h2 class=\"wp-block-heading\">Services fournis :<\/h2>\n\n\n\n<p>L&#8217;ensemble des activit\u00e9s de la soci\u00e9t\u00e9 ainsi que ses informations sont pr\u00e9sent\u00e9s sur notre site www.peluches-et-jouets-en-bois.fr<br>peluches-et-jouets-en-bois.fr et son repr\u00e9sentant s\u2019efforcent de fournir sur le site www.peluches-et-jouets-en-bois.fr des informations aussi pr\u00e9cises que possible. Les renseignements figurant sur le site www.peluches-et-jouets-en-bois.fr ne sont pas exhaustifs et les photos non contractuelles. Ils sont donn\u00e9s sous r\u00e9serve de modifications ayant \u00e9t\u00e9 apport\u00e9es depuis leur mise en ligne. Par ailleurs, tous les informations indiqu\u00e9es sur le site www.peluches-et-jouets-en-bois.fr sont donn\u00e9es \u00e0 titre indicatif, et sont susceptibles de changer ou d\u2019\u00e9voluer sans pr\u00e9avis.<\/p>\n\n\n\n<h2 class=\"wp-block-heading\">Limitation contractuelles sur les donn\u00e9es :<\/h2>\n\n\n\n<p>Les informations contenues sur ce site sont aussi pr\u00e9cises que possible et le site remis \u00e0 jour \u00e0 diff\u00e9rentes p\u00e9riodes de l\u2019ann\u00e9e, mais peut toutefois contenir des inexactitudes ou des omissions. Si vous constatez une lacune, erreur ou ce qui parait \u00eatre un dysfonctionnement, merci de bien vouloir le signaler, en d\u00e9crivant le probl\u00e8me de la mani\u00e8re la plus pr\u00e9cise possible (page posant probl\u00e8me, type d\u2019ordinateur et de navigateur utilis\u00e9, \u2026), par email \u00e0 l\u2019adresse suivante contact[@]peluches-et-jouets-en-bois.fr. Tout contenu t\u00e9l\u00e9charg\u00e9 se fait aux risques et p\u00e9rils de l&#8217;utilisateur et sous sa seule responsabilit\u00e9. En cons\u00e9quence, ne saurait \u00eatre tenu responsable d&#8217;un quelconque dommage subi par l&#8217;ordinateur de l&#8217;utilisateur ou d&#8217;une quelconque perte de donn\u00e9es cons\u00e9cutives au t\u00e9l\u00e9chargement. De plus, l\u2019utilisateur du site s\u2019engage \u00e0 acc\u00e9der au site en utilisant un mat\u00e9riel r\u00e9cent, ne contenant pas de virus et avec un navigateur de derni\u00e8re g\u00e9n\u00e9ration mis-\u00e0-jour Les liens hypertextes mis en place dans le cadre du pr\u00e9sent site internet en direction d&#8217;autres ressources pr\u00e9sentes sur le r\u00e9seau Internet ne sauraient engager la responsabilit\u00e9 de la soci\u00e9t\u00e9 C&amp;D.<\/p>\n\n\n\n<h2 class=\"wp-block-heading\">Propri\u00e9t\u00e9 intellectuelle :<\/h2>\n\n\n\n<p>Peluches-et-jouets-en-bois.fr est une marque en cours de d\u00e9p\u00f4t aupr\u00e8s de l\u2019INPI FRANCE.<\/p>\n\n\n\n<p>Tout le contenu du pr\u00e9sent sur le site www.peluches-et-jouets-en-bois.fr incluant, de fa\u00e7on non limitative, les graphismes, images, textes, vid\u00e9os, animations, sons, logos, gifs et ic\u00f4nes ainsi que leur mise en forme sont la propri\u00e9t\u00e9 exclusive de la soci\u00e9t\u00e9 \u00e0 l&#8217;exception des marques, logos ou contenus appartenant \u00e0 d&#8217;autres soci\u00e9t\u00e9s partenaires ou auteurs. Toute reproduction, distribution, modification, adaptation, retransmission ou publication, m\u00eame partielle, de ces diff\u00e9rents \u00e9l\u00e9ments est strictement interdite sans l&#8217;accord expr\u00e8s par \u00e9crit de Antoine S\u00e9bille. Cette repr\u00e9sentation ou reproduction, par quelque proc\u00e9d\u00e9 que ce soit, constitue une contrefa\u00e7on sanctionn\u00e9e par les articles L.335-2 et suivants du Code de la propri\u00e9t\u00e9 intellectuelle. Le non-respect de cette interdiction constitue une contrefa\u00e7on pouvant engager la responsabilit\u00e9 civile et p\u00e9nale du contrefacteur. En outre, les propri\u00e9taires des Contenus copi\u00e9s pourraient intenter une action en justice \u00e0 votre encontre.<br>Peluches-et-jouets-en-bois.fr utilise sur son site des photos et visuels graphiques libres de droits t\u00e9l\u00e9charg\u00e9s sur les sites suivants : https:\/\/unsplash.com, https:\/\/pixabay.com\/ et https:\/\/elements.envato.com\/<\/p>\n\n\n\n<h2 class=\"wp-block-heading\">D\u00e9claration \u00e0 la CNIL :<\/h2>\n\n\n\n<p>Conform\u00e9ment \u00e0 la loi 78-17 du 6 janvier 1978 (modifi\u00e9e par la loi 2004-801 du 6 ao\u00fbt 2004 relative \u00e0 la protection des personnes physiques \u00e0 l&#8217;\u00e9gard des traitements de donn\u00e9es \u00e0 caract\u00e8re personnel) relative \u00e0 l&#8217;informatique, aux fichiers et aux libert\u00e9s, ce site n&#8217;a pas fait l&#8217;objet d&#8217;une d\u00e9claration aupr\u00e8s de la Commission nationale de l&#8217;informatique et des libert\u00e9s (www.cnil.fr).<\/p>\n\n\n\n<h2 class=\"wp-block-heading\">Litiges :<\/h2>\n\n\n\n<p>Les pr\u00e9sentes conditions du site www.peluches-et-jouets-en-bois.fr sont r\u00e9gies par les lois fran\u00e7aises et toute contestation ou litiges qui pourraient na\u00eetre de l&#8217;interpr\u00e9tation ou de l&#8217;ex\u00e9cution de celles-ci seront de la comp\u00e9tence exclusive des tribunaux dont d\u00e9pend le si\u00e8ge social de la soci\u00e9t\u00e9. La langue de r\u00e9f\u00e9rence, pour le r\u00e8glement de contentieux \u00e9ventuels, est le fran\u00e7ais.<\/p>\n\n\n\n<h2 class=\"wp-block-heading\">Donn\u00e9es personnelles :<\/h2>\n\n\n\n<p>De mani\u00e8re g\u00e9n\u00e9rale, vous n\u2019\u00eates pas tenu de nous communiquer vos donn\u00e9es personnelles lorsque vous visitez notre site internet www.peluches-et-jouets-en-bois.fr<br>Les donn\u00e9es transmises via nos diff\u00e9rents formulaires de contact sont r\u00e9serv\u00e9es \u00e0 notre \u00e9quipe et ne seront, en aucun cas, divulgu\u00e9es \u00e0 nos partenaires.<br>En nous contactant via le formulaire de contact, vous acceptez qu&#8217;un membre de notre \u00e9quipe vous recontacte par t\u00e9l\u00e9phone ou par mail.<br>Cependant, ce principe comporte certaines exceptions. En effet, pour certains services propos\u00e9s par notre site, vous pouvez \u00eatre amen\u00e9s \u00e0 nous communiquer certaines donn\u00e9es telles que : votre nom et pr\u00e9nom, le nom de votre soci\u00e9t\u00e9, le site internet de votre soci\u00e9t\u00e9, votre adresse e-mail, et votre num\u00e9ro de t\u00e9l\u00e9phone. Tel est le cas lorsque vous remplissez le formulaire qui vous est propos\u00e9 en ligne, dans la rubrique \u00ab contact \u00bb. Dans tous les cas, vous pouvez refuser de fournir vos donn\u00e9es personnelles. Dans ce cas, vous ne pourrez pas utiliser les services du site, notamment celui de solliciter des renseignements sur notre soci\u00e9t\u00e9, ou de recevoir les lettres d\u2019information.<br>Enfin, nous pouvons collecter de mani\u00e8re automatique certaines informations vous concernant lors d\u2019une simple navigation sur notre site Internet, notamment : des informations concernant l\u2019utilisation de notre site, comme les zones que vous visitez et les services auxquels vous acc\u00e9dez, votre adresse IP, le type de votre navigateur, vos temps d&#8217;acc\u00e8s. De telles informations sont utilis\u00e9es exclusivement \u00e0 des fins de statistiques internes, de mani\u00e8re \u00e0 am\u00e9liorer la qualit\u00e9 des services qui vous sont propos\u00e9s. Les bases de donn\u00e9es sont prot\u00e9g\u00e9es par les dispositions de la loi du 1er juillet 1998 transposant la directive 96\/9 du 11 mars 1996 relative \u00e0 la protection juridique des bases de donn\u00e9es.<\/p>\n","protected":false},"excerpt":{"rendered":"<p>Merci de lire avec attention les diff\u00e9rentes modalit\u00e9s d\u2019utilisation du pr\u00e9sent site avant d\u2019y parcourir ses pages. En vous connectant sur ce site, vous acceptez sans r\u00e9serves les pr\u00e9sentes modalit\u00e9s. Aussi, conform\u00e9ment \u00e0 l\u2019article n\u00b06 de<\/p>\n","protected":false},"author":1,"featured_media":0,"parent":0,"menu_order":0,"comment_status":"closed","ping_status":"open","template":"","meta":{"om_disable_all_campaigns":false,"_mi_skip_tracking":false},"aioseo_notices":[],"_links":{"self":[{"href":"https:\/\/peluches-et-jouets-en-bois.fr\/index.php\/wp-json\/wp\/v2\/pages\/3"}],"collection":[{"href":"https:\/\/peluches-et-jouets-en-bois.fr\/index.php\/wp-json\/wp\/v2\/pages"}],"about":[{"href":"https:\/\/peluches-et-jouets-en-bois.fr\/index.php\/wp-json\/wp\/v2\/types\/page"}],"author":[{"embeddable":true,"href":"https:\/\/peluches-et-jouets-en-bois.fr\/index.php\/wp-json\/wp\/v2\/users\/1"}],"replies":[{"embeddable":true,"href":"https:\/\/peluches-et-jouets-en-bois.fr\/index.php\/wp-json\/wp\/v2\/comments?post=3"}],"version-history":[{"count":1,"href":"https:\/\/peluches-et-jouets-en-bois.fr\/index.php\/wp-json\/wp\/v2\/pages\/3\/revisions"}],"predecessor-version":[{"id":421,"href":"https:\/\/peluches-et-jouets-en-bois.fr\/index.php\/wp-json\/wp\/v2\/pages\/3\/revisions\/421"}],"wp:attachment":[{"href":"https:\/\/peluches-et-jouets-en-bois.fr\/index.php\/wp-json\/wp\/v2\/media?parent=3"}],"curies":[{"name":"wp","href":"https:\/\/api.w.org\/{rel}","templated":true}]}}